{"id":3642,"date":"2024-09-23T14:26:09","date_gmt":"2024-09-23T12:26:09","guid":{"rendered":"https:\/\/www.neotrucks.fr\/innovationen\/"},"modified":"2025-10-31T10:15:57","modified_gmt":"2025-10-31T09:15:57","slug":"innovationen","status":"publish","type":"page","link":"https:\/\/www.neotrucks.fr\/de\/innovationen\/","title":{"rendered":"Innovationen"},"content":{"rendered":"\t\t<div data-elementor-type=\"wp-page\" data-elementor-id=\"3642\" class=\"elementor elementor-3642 elementor-1704\">\n\t\t\t\t\t\t<section class=\"elementor-section elementor-top-section elementor-element elementor-element-c174b20 elementor-section-boxed elementor-section-height-default elementor-section-height-default\" data-id=\"c174b20\" data-element_type=\"section\" data-settings=\"{&quot;jet_parallax_layout_list&quot;:[],&quot;background_background&quot;:&quot;classic&quot;}\">\n\t\t\t\t\t\t\t<div class=\"elementor-background-overlay\"><\/div>\n\t\t\t\t\t\t\t<div class=\"elementor-container elementor-column-gap-default\">\n\t\t\t\t\t<div class=\"elementor-column elementor-col-100 elementor-top-column elementor-element elementor-element-b3361d9\" data-id=\"b3361d9\" data-element_type=\"column\">\n\t\t\t<div class=\"elementor-widget-wrap elementor-element-populated\">\n\t\t\t\t\t\t<div class=\"elementor-element elementor-element-f6e1ba2 elementor-widget elementor-widget-heading\" data-id=\"f6e1ba2\" data-element_type=\"widget\" data-widget_type=\"heading.default\">\n\t\t\t\t<div class=\"elementor-widget-container\">\n\t\t\t<style>\/*! elementor - v3.22.0 - 26-06-2024 *\/\n.elementor-heading-title{padding:0;margin:0;line-height:1}.elementor-widget-heading .elementor-heading-title[class*=elementor-size-]>a{color:inherit;font-size:inherit;line-height:inherit}.elementor-widget-heading .elementor-heading-title.elementor-size-small{font-size:15px}.elementor-widget-heading .elementor-heading-title.elementor-size-medium{font-size:19px}.elementor-widget-heading .elementor-heading-title.elementor-size-large{font-size:29px}.elementor-widget-heading .elementor-heading-title.elementor-size-xl{font-size:39px}.elementor-widget-heading .elementor-heading-title.elementor-size-xxl{font-size:59px}<\/style><h1 class=\"elementor-heading-title elementor-size-default\">NEOTRUCKS <br>Entwirft innovative L\u00f6sungen <br>f\u00fcr die industrielle Mobilit\u00e4t von heute<\/h1>\t\t<\/div>\n\t\t\t\t<\/div>\n\t\t\t\t<div class=\"elementor-element elementor-element-7c30ca5 elementor-align-center elementor-widget elementor-widget-button\" data-id=\"7c30ca5\" data-element_type=\"widget\" data-widget_type=\"button.default\">\n\t\t\t\t<div class=\"elementor-widget-container\">\n\t\t\t\t\t<div class=\"elementor-button-wrapper\">\n\t\t\t<a class=\"elementor-button elementor-button-link elementor-size-sm\" href=\"https:\/\/www.neotrucks.fr\/de\/off-road-fahrzeuge\/\">\n\t\t\t\t\t\t<span class=\"elementor-button-content-wrapper\">\n\t\t\t\t\t\t\t\t\t<span class=\"elementor-button-text\">Die Fahrzeuge<\/span>\n\t\t\t\t\t<\/span>\n\t\t\t\t\t<\/a>\n\t\t<\/div>\n\t\t\t\t<\/div>\n\t\t\t\t<\/div>\n\t\t\t\t\t<\/div>\n\t\t<\/div>\n\t\t\t\t\t<\/div>\n\t\t<\/section>\n\t\t\t\t<section class=\"elementor-section elementor-top-section elementor-element elementor-element-7394ddf elementor-section-full_width elementor-section-height-default elementor-section-height-default\" data-id=\"7394ddf\" data-element_type=\"section\" data-settings=\"{&quot;jet_parallax_layout_list&quot;:[]}\">\n\t\t\t\t\t\t<div class=\"elementor-container elementor-column-gap-default\">\n\t\t\t\t\t<div class=\"elementor-column elementor-col-50 elementor-top-column elementor-element elementor-element-074a578\" data-id=\"074a578\" data-element_type=\"column\">\n\t\t\t<div class=\"elementor-widget-wrap elementor-element-populated\">\n\t\t\t\t\t\t<div class=\"elementor-element elementor-element-fd62cc6 elementor-widget elementor-widget-heading\" data-id=\"fd62cc6\" data-element_type=\"widget\" data-widget_type=\"heading.default\">\n\t\t\t\t<div class=\"elementor-widget-container\">\n\t\t\t<h2 class=\"elementor-heading-title elementor-size-default\">PIONIER DER INDUSTRIELLEN <span class=\"underline\">INNOVATION<\/span><\/h2>\t\t<\/div>\n\t\t\t\t<\/div>\n\t\t\t\t<div class=\"elementor-element elementor-element-bc1a382 elementor-widget elementor-widget-text-editor\" data-id=\"bc1a382\" data-element_type=\"widget\" data-widget_type=\"text-editor.default\">\n\t\t\t\t<div class=\"elementor-widget-container\">\n\t\t\t<style>\/*! elementor - v3.22.0 - 26-06-2024 *\/\n.elementor-widget-text-editor.elementor-drop-cap-view-stacked .elementor-drop-cap{background-color:#69727d;color:#fff}.elementor-widget-text-editor.elementor-drop-cap-view-framed .elementor-drop-cap{color:#69727d;border:3px solid;background-color:transparent}.elementor-widget-text-editor:not(.elementor-drop-cap-view-default) .elementor-drop-cap{margin-top:8px}.elementor-widget-text-editor:not(.elementor-drop-cap-view-default) .elementor-drop-cap-letter{width:1em;height:1em}.elementor-widget-text-editor .elementor-drop-cap{float:left;text-align:center;line-height:1;font-size:50px}.elementor-widget-text-editor .elementor-drop-cap-letter{display:inline-block}<\/style>\t\t\t\t<p style=\"font-weight: 400;\">NEOTRUCKS ist die erste<sup><\/sup>\u00a0und einzige industrielle Mobilit\u00e4tsl\u00f6sung<strong> <span style=\"color: #2d4d76;\">Made<\/span>\u00a0in\u00a0<span style=\"color: #e83324;\">France<\/span><\/strong>,\u00a0die aus der Kreislaufwirtschaft stammt.<\/p>\n<p style=\"font-weight: 400;\">Als Antwort auf die \u00f6konomischen und \u00f6kologischen Herausforderungen der Lieferkette setzt Neotrucks neue Produktionsformen ein, um die Nutzungsdauer von Industriefahrzeugen zu verl\u00e4ngern und ihre Komponenten wiederzuverwenden und zu recyceln.<\/p>\n<p style=\"font-weight: 400;\">Dieses Modell folgt dem Ansatz, dass die Wiederverwendung von Ressourcen und eine verl\u00e4ngerte Lebensdauer von Maschinen den Rohstoff- und Energiebedarf verringert.<\/p>\n<p style=\"font-weight: 400;\">Das in der Region Auvergne-Rh\u00f4ne-Alpes ans\u00e4ssige Unternehmen NEOTRUCKS begrenzt den CO2-Fu\u00dfabdruck seiner Wertsch\u00f6pfungskette, indem es kurze Transportwege f\u00fcr seine eigenen Beschaffungen bevorzugt.<\/p>\n<p style=\"font-weight: 400;\">In Partnerschaft mit Renault Trucks, mit denen wir die Vision eines dekarbonisierten Transports teilen, bietet NEOTRUCKS nachger\u00fcstete Fahrzeuge an, wodurch der Einsatz von Eisenmetallen um 90 % im Vergleich zu Neufahrzeugen verringert wird.\u00a0<\/p>\n<p style=\"font-weight: 400;\">Diese innovative L\u00f6sung tr\u00e4gt somit zum \u00dcbergang zu einer st\u00e4rker kreislauforientierten und nachhaltigeren Wirtschaft bei, wobei sie auch den \u00f6konomischen Herausforderungen der Unternehmen gerecht wird.<\/p>\n\t\t\t\t\t\t<\/div>\n\t\t\t\t<\/div>\n\t\t\t\t\t<\/div>\n\t\t<\/div>\n\t\t\t\t<div class=\"elementor-column elementor-col-50 elementor-top-column elementor-element elementor-element-8eed331\" data-id=\"8eed331\" data-element_type=\"column\">\n\t\t\t<div class=\"elementor-widget-wrap elementor-element-populated\">\n\t\t\t\t\t\t<div class=\"elementor-element elementor-element-e0ca59f elementor-widget elementor-widget-image\" data-id=\"e0ca59f\" data-element_type=\"widget\" data-widget_type=\"image.default\">\n\t\t\t\t<div class=\"elementor-widget-container\">\n\t\t\t<style>\/*! elementor - v3.22.0 - 26-06-2024 *\/\n.elementor-widget-image{text-align:center}.elementor-widget-image a{display:inline-block}.elementor-widget-image a img[src$=\".svg\"]{width:48px}.elementor-widget-image img{vertical-align:middle;display:inline-block}<\/style>\t\t\t\t\t\t\t\t\t\t<img fetchpriority=\"high\" decoding=\"async\" width=\"800\" height=\"571\" src=\"https:\/\/www.neotrucks.fr\/wp-content\/uploads\/2024\/07\/histoire-neotrucks.png\" class=\"attachment-large size-large wp-image-216\" alt=\"\" srcset=\"https:\/\/www.neotrucks.fr\/wp-content\/uploads\/2024\/07\/histoire-neotrucks.png 892w, https:\/\/www.neotrucks.fr\/wp-content\/uploads\/2024\/07\/histoire-neotrucks-300x214.png 300w, https:\/\/www.neotrucks.fr\/wp-content\/uploads\/2024\/07\/histoire-neotrucks-768x548.png 768w\" sizes=\"(max-width: 800px) 100vw, 800px\" \/>\t\t\t\t\t\t\t\t\t\t\t\t\t<\/div>\n\t\t\t\t<\/div>\n\t\t\t\t\t<\/div>\n\t\t<\/div>\n\t\t\t\t\t<\/div>\n\t\t<\/section>\n\t\t\t\t<section class=\"elementor-section elementor-top-section elementor-element elementor-element-5a78f57 elementor-section-boxed elementor-section-height-default elementor-section-height-default\" data-id=\"5a78f57\" data-element_type=\"section\" data-settings=\"{&quot;jet_parallax_layout_list&quot;:[]}\">\n\t\t\t\t\t\t<div class=\"elementor-container elementor-column-gap-default\">\n\t\t\t\t\t<div class=\"elementor-column elementor-col-33 elementor-top-column elementor-element elementor-element-fa97d43\" data-id=\"fa97d43\" data-element_type=\"column\" data-settings=\"{&quot;background_background&quot;:&quot;classic&quot;}\">\n\t\t\t<div class=\"elementor-widget-wrap elementor-element-populated\">\n\t\t\t\t\t\t<div class=\"elementor-element elementor-element-d83cb67 elementor-widget elementor-widget-image-box\" data-id=\"d83cb67\" data-element_type=\"widget\" data-widget_type=\"image-box.default\">\n\t\t\t\t<div class=\"elementor-widget-container\">\n\t\t\t<style>.elementor-widget-image-box .elementor-image-box-content{width:100%}@media (min-width:768px){.elementor-widget-image-box.elementor-position-left .elementor-image-box-wrapper,.elementor-widget-image-box.elementor-position-right .elementor-image-box-wrapper{display:flex}.elementor-widget-image-box.elementor-position-right .elementor-image-box-wrapper{text-align:end;flex-direction:row-reverse}.elementor-widget-image-box.elementor-position-left .elementor-image-box-wrapper{text-align:start;flex-direction:row}.elementor-widget-image-box.elementor-position-top .elementor-image-box-img{margin:auto}.elementor-widget-image-box.elementor-vertical-align-top .elementor-image-box-wrapper{align-items:flex-start}.elementor-widget-image-box.elementor-vertical-align-middle .elementor-image-box-wrapper{align-items:center}.elementor-widget-image-box.elementor-vertical-align-bottom .elementor-image-box-wrapper{align-items:flex-end}}@media (max-width:767px){.elementor-widget-image-box .elementor-image-box-img{margin-left:auto!important;margin-right:auto!important;margin-bottom:15px}}.elementor-widget-image-box .elementor-image-box-img{display:inline-block}.elementor-widget-image-box .elementor-image-box-title a{color:inherit}.elementor-widget-image-box .elementor-image-box-wrapper{text-align:center}.elementor-widget-image-box .elementor-image-box-description{margin:0}<\/style><div class=\"elementor-image-box-wrapper\"><div class=\"elementor-image-box-content\"><h3 class=\"elementor-image-box-title\">Erste Innovation \u2013 <br>Das Konzept<\/h3><p class=\"elementor-image-box-description\">NEOTRUCKS ist der erste und einzige europ\u00e4ische Hersteller, der aus der Kreislaufwirtschaft stammende schwere Umschlagsfahrzeuge anbietet: <br><ul>\n<li>CO2-Fu\u00dfabdruck des Fahrzeugs um 90\u00a0% verringert.\n<li>Sofortiger Anspruch auf eine CO2-Pr\u00e4mie.\n<li>Optimierung Ihrer Investitionen in die CSR-Politik.<\/ul><\/p><\/div><\/div>\t\t<\/div>\n\t\t\t\t<\/div>\n\t\t\t\t\t<\/div>\n\t\t<\/div>\n\t\t\t\t<div class=\"elementor-column elementor-col-33 elementor-top-column elementor-element elementor-element-f47e01e\" data-id=\"f47e01e\" data-element_type=\"column\" data-settings=\"{&quot;background_background&quot;:&quot;classic&quot;}\">\n\t\t\t<div class=\"elementor-widget-wrap elementor-element-populated\">\n\t\t\t\t\t\t<div class=\"elementor-element elementor-element-d61c9a9 elementor-widget elementor-widget-image-box\" data-id=\"d61c9a9\" data-element_type=\"widget\" data-widget_type=\"image-box.default\">\n\t\t\t\t<div class=\"elementor-widget-container\">\n\t\t\t<div class=\"elementor-image-box-wrapper\"><div class=\"elementor-image-box-content\"><h3 class=\"elementor-image-box-title\">Zweite Innovation \u2013 <br>Die Digitalisierung<\/h3><p class=\"elementor-image-box-description\">NEOTRUCKS ist einer der wenigen europ\u00e4ischen Hersteller, der komplette Telematikdienste f\u00fcr den Fahrzeugbetrieb anbietet: <br><ul>\n<li>Optimierte Verwaltung der Str\u00f6me und Ihrer Flotte.\n<li>Maximale Verwaltung des Energieverbrauchs.\n<li>Verbesserte Sicherheit der Bediener.\n<li>Erhalt der Funktionst\u00fcchtigkeit dank vorausschauender Wartung.\n<\/ul><\/p><\/div><\/div>\t\t<\/div>\n\t\t\t\t<\/div>\n\t\t\t\t\t<\/div>\n\t\t<\/div>\n\t\t\t\t<div class=\"elementor-column elementor-col-33 elementor-top-column elementor-element elementor-element-ed5edd7\" data-id=\"ed5edd7\" data-element_type=\"column\" data-settings=\"{&quot;background_background&quot;:&quot;classic&quot;}\">\n\t\t\t<div class=\"elementor-widget-wrap elementor-element-populated\">\n\t\t\t\t\t\t<div class=\"elementor-element elementor-element-5004355 elementor-widget elementor-widget-image-box\" data-id=\"5004355\" data-element_type=\"widget\" data-widget_type=\"image-box.default\">\n\t\t\t\t<div class=\"elementor-widget-container\">\n\t\t\t<div class=\"elementor-image-box-wrapper\"><div class=\"elementor-image-box-content\"><h3 class=\"elementor-image-box-title\">Dritte Innovation \u2013 <br>Die Technologie<\/h3><p class=\"elementor-image-box-description\">NEOTRUCKS ist der erste und einzige europ\u00e4ische Hersteller, der eine modulare und steuerbare Batterietechnologie entwickelt hat: <br><ul>\n<li>Aufladung an einer 32\u00a0A-Steckdose am Standort.\n<li>Keine teure Installation einer festen Lades\u00e4ule.\n<li>Eine nach Ma\u00df konfigurierte Batteriearchitektur.\n<li>Eine an Ihren Bedarf anpassbare Batteriebereitstellung.\n<li>Eine Pannensichere Batteriesteuerung.<\/ul><\/p><\/div><\/div>\t\t<\/div>\n\t\t\t\t<\/div>\n\t\t\t\t\t<\/div>\n\t\t<\/div>\n\t\t\t\t\t<\/div>\n\t\t<\/section>\n\t\t\t\t<\/div>\n\t\t","protected":false},"excerpt":{"rendered":"<p>NEOTRUCKS Entwirft innovative L\u00f6sungen f\u00fcr die industrielle Mobilit\u00e4t von heute Die Fahrzeuge PIONIER DER INDUSTRIELLEN INNOVATION NEOTRUCKS ist die erste\u00a0und einzige industrielle Mobilit\u00e4tsl\u00f6sung Made\u00a0in\u00a0France,\u00a0die aus der Kreislaufwirtschaft stammt. Als Antwort auf die \u00f6konomischen und \u00f6kologischen Herausforderungen der Lieferkette setzt Neotrucks neue Produktionsformen ein, um die Nutzungsdauer von Industriefahrzeugen zu verl\u00e4ngern und ihre Komponenten wiederzuverwenden und [&hellip;]<\/p>\n","protected":false},"author":1,"featured_media":0,"parent":0,"menu_order":0,"comment_status":"closed","ping_status":"closed","template":"","meta":{"_acf_changed":false,"footnotes":""},"class_list":["post-3642","page","type-page","status-publish","hentry"],"acf":[],"yoast_head":"<!-- This site is optimized with the Yoast SEO plugin v24.4 - https:\/\/yoast.com\/wordpress\/plugins\/seo\/ -->\n<title>NEOTRUCKS - Innovative L\u00f6sungen f\u00fcr die industrielle Mobilit\u00e4t<\/title>\n<meta name=\"description\" content=\"NEOTRUCKS ist die erste aus der Kreislaufwirtschaft stammende industrielle Mobilit\u00e4tsl\u00f6sung Made in France. Entdecken Sie unsere Elektrofahrzeuge.\" \/>\n<meta name=\"robots\" content=\"index, follow, max-snippet:-1, max-image-preview:large, max-video-preview:-1\" \/>\n<link rel=\"canonical\" href=\"https:\/\/www.neotrucks.fr\/de\/innovationen\/\" \/>\n<meta property=\"og:locale\" content=\"de_DE\" \/>\n<meta property=\"og:type\" content=\"article\" \/>\n<meta property=\"og:title\" content=\"NEOTRUCKS - Innovative L\u00f6sungen f\u00fcr die industrielle Mobilit\u00e4t\" \/>\n<meta property=\"og:description\" content=\"NEOTRUCKS ist die erste aus der Kreislaufwirtschaft stammende industrielle Mobilit\u00e4tsl\u00f6sung Made in France. Entdecken Sie unsere Elektrofahrzeuge.\" \/>\n<meta property=\"og:url\" content=\"https:\/\/www.neotrucks.fr\/de\/innovationen\/\" \/>\n<meta property=\"og:site_name\" content=\"NEOTRUCKS\" \/>\n<meta property=\"article:modified_time\" content=\"2025-10-31T09:15:57+00:00\" \/>\n<meta property=\"og:image\" content=\"https:\/\/www.neotrucks.fr\/wp-content\/uploads\/2024\/07\/histoire-neotrucks.png\" \/>\n\t<meta property=\"og:image:width\" content=\"892\" \/>\n\t<meta property=\"og:image:height\" content=\"637\" \/>\n\t<meta property=\"og:image:type\" content=\"image\/png\" \/>\n<meta name=\"twitter:card\" content=\"summary_large_image\" \/>\n<meta name=\"twitter:label1\" content=\"Gesch\u00e4tzte Lesezeit\" \/>\n\t<meta name=\"twitter:data1\" content=\"2\u00a0Minuten\" \/>\n<script type=\"application\/ld+json\" class=\"yoast-schema-graph\">{\"@context\":\"https:\/\/schema.org\",\"@graph\":[{\"@type\":\"WebPage\",\"@id\":\"https:\/\/www.neotrucks.fr\/de\/innovationen\/\",\"url\":\"https:\/\/www.neotrucks.fr\/de\/innovationen\/\",\"name\":\"NEOTRUCKS - Innovative L\u00f6sungen f\u00fcr die industrielle Mobilit\u00e4t\",\"isPartOf\":{\"@id\":\"https:\/\/www.neotrucks.fr\/#website\"},\"primaryImageOfPage\":{\"@id\":\"https:\/\/www.neotrucks.fr\/de\/innovationen\/#primaryimage\"},\"image\":{\"@id\":\"https:\/\/www.neotrucks.fr\/de\/innovationen\/#primaryimage\"},\"thumbnailUrl\":\"https:\/\/www.neotrucks.fr\/wp-content\/uploads\/2024\/07\/histoire-neotrucks.png\",\"datePublished\":\"2024-09-23T12:26:09+00:00\",\"dateModified\":\"2025-10-31T09:15:57+00:00\",\"description\":\"NEOTRUCKS ist die erste aus der Kreislaufwirtschaft stammende industrielle Mobilit\u00e4tsl\u00f6sung Made in France. Entdecken Sie unsere Elektrofahrzeuge.\",\"breadcrumb\":{\"@id\":\"https:\/\/www.neotrucks.fr\/de\/innovationen\/#breadcrumb\"},\"inLanguage\":\"de\",\"potentialAction\":[{\"@type\":\"ReadAction\",\"target\":[\"https:\/\/www.neotrucks.fr\/de\/innovationen\/\"]}]},{\"@type\":\"ImageObject\",\"inLanguage\":\"de\",\"@id\":\"https:\/\/www.neotrucks.fr\/de\/innovationen\/#primaryimage\",\"url\":\"https:\/\/www.neotrucks.fr\/wp-content\/uploads\/2024\/07\/histoire-neotrucks.png\",\"contentUrl\":\"https:\/\/www.neotrucks.fr\/wp-content\/uploads\/2024\/07\/histoire-neotrucks.png\"},{\"@type\":\"BreadcrumbList\",\"@id\":\"https:\/\/www.neotrucks.fr\/de\/innovationen\/#breadcrumb\",\"itemListElement\":[{\"@type\":\"ListItem\",\"position\":1,\"name\":\"Accueil\",\"item\":\"https:\/\/www.neotrucks.fr\/de\/\"},{\"@type\":\"ListItem\",\"position\":2,\"name\":\"Innovationen\"}]},{\"@type\":\"WebSite\",\"@id\":\"https:\/\/www.neotrucks.fr\/#website\",\"url\":\"https:\/\/www.neotrucks.fr\/\",\"name\":\"NEOTRUCKS\",\"description\":\"Constructeur de v\u00e9hicules de parc\",\"publisher\":{\"@id\":\"https:\/\/www.neotrucks.fr\/#organization\"},\"potentialAction\":[{\"@type\":\"SearchAction\",\"target\":{\"@type\":\"EntryPoint\",\"urlTemplate\":\"https:\/\/www.neotrucks.fr\/?s={search_term_string}\"},\"query-input\":{\"@type\":\"PropertyValueSpecification\",\"valueRequired\":true,\"valueName\":\"search_term_string\"}}],\"inLanguage\":\"de\"},{\"@type\":\"Organization\",\"@id\":\"https:\/\/www.neotrucks.fr\/#organization\",\"name\":\"NEOTRUCKS\",\"url\":\"https:\/\/www.neotrucks.fr\/\",\"logo\":{\"@type\":\"ImageObject\",\"inLanguage\":\"de\",\"@id\":\"https:\/\/www.neotrucks.fr\/#\/schema\/logo\/image\/\",\"url\":\"https:\/\/www.neotrucks.fr\/wp-content\/uploads\/2024\/07\/neotrucks-logo.png\",\"contentUrl\":\"https:\/\/www.neotrucks.fr\/wp-content\/uploads\/2024\/07\/neotrucks-logo.png\",\"width\":846,\"height\":496,\"caption\":\"NEOTRUCKS\"},\"image\":{\"@id\":\"https:\/\/www.neotrucks.fr\/#\/schema\/logo\/image\/\"}}]}<\/script>\n<!-- \/ Yoast SEO plugin. -->","yoast_head_json":{"title":"NEOTRUCKS - Innovative L\u00f6sungen f\u00fcr die industrielle Mobilit\u00e4t","description":"NEOTRUCKS ist die erste aus der Kreislaufwirtschaft stammende industrielle Mobilit\u00e4tsl\u00f6sung Made in France. Entdecken Sie unsere Elektrofahrzeuge.","robots":{"index":"index","follow":"follow","max-snippet":"max-snippet:-1","max-image-preview":"max-image-preview:large","max-video-preview":"max-video-preview:-1"},"canonical":"https:\/\/www.neotrucks.fr\/de\/innovationen\/","og_locale":"de_DE","og_type":"article","og_title":"NEOTRUCKS - Innovative L\u00f6sungen f\u00fcr die industrielle Mobilit\u00e4t","og_description":"NEOTRUCKS ist die erste aus der Kreislaufwirtschaft stammende industrielle Mobilit\u00e4tsl\u00f6sung Made in France. Entdecken Sie unsere Elektrofahrzeuge.","og_url":"https:\/\/www.neotrucks.fr\/de\/innovationen\/","og_site_name":"NEOTRUCKS","article_modified_time":"2025-10-31T09:15:57+00:00","og_image":[{"width":892,"height":637,"url":"https:\/\/www.neotrucks.fr\/wp-content\/uploads\/2024\/07\/histoire-neotrucks.png","type":"image\/png"}],"twitter_card":"summary_large_image","twitter_misc":{"Gesch\u00e4tzte Lesezeit":"2\u00a0Minuten"},"schema":{"@context":"https:\/\/schema.org","@graph":[{"@type":"WebPage","@id":"https:\/\/www.neotrucks.fr\/de\/innovationen\/","url":"https:\/\/www.neotrucks.fr\/de\/innovationen\/","name":"NEOTRUCKS - Innovative L\u00f6sungen f\u00fcr die industrielle Mobilit\u00e4t","isPartOf":{"@id":"https:\/\/www.neotrucks.fr\/#website"},"primaryImageOfPage":{"@id":"https:\/\/www.neotrucks.fr\/de\/innovationen\/#primaryimage"},"image":{"@id":"https:\/\/www.neotrucks.fr\/de\/innovationen\/#primaryimage"},"thumbnailUrl":"https:\/\/www.neotrucks.fr\/wp-content\/uploads\/2024\/07\/histoire-neotrucks.png","datePublished":"2024-09-23T12:26:09+00:00","dateModified":"2025-10-31T09:15:57+00:00","description":"NEOTRUCKS ist die erste aus der Kreislaufwirtschaft stammende industrielle Mobilit\u00e4tsl\u00f6sung Made in France. Entdecken Sie unsere Elektrofahrzeuge.","breadcrumb":{"@id":"https:\/\/www.neotrucks.fr\/de\/innovationen\/#breadcrumb"},"inLanguage":"de","potentialAction":[{"@type":"ReadAction","target":["https:\/\/www.neotrucks.fr\/de\/innovationen\/"]}]},{"@type":"ImageObject","inLanguage":"de","@id":"https:\/\/www.neotrucks.fr\/de\/innovationen\/#primaryimage","url":"https:\/\/www.neotrucks.fr\/wp-content\/uploads\/2024\/07\/histoire-neotrucks.png","contentUrl":"https:\/\/www.neotrucks.fr\/wp-content\/uploads\/2024\/07\/histoire-neotrucks.png"},{"@type":"BreadcrumbList","@id":"https:\/\/www.neotrucks.fr\/de\/innovationen\/#breadcrumb","itemListElement":[{"@type":"ListItem","position":1,"name":"Accueil","item":"https:\/\/www.neotrucks.fr\/de\/"},{"@type":"ListItem","position":2,"name":"Innovationen"}]},{"@type":"WebSite","@id":"https:\/\/www.neotrucks.fr\/#website","url":"https:\/\/www.neotrucks.fr\/","name":"NEOTRUCKS","description":"Constructeur de v\u00e9hicules de parc","publisher":{"@id":"https:\/\/www.neotrucks.fr\/#organization"},"potentialAction":[{"@type":"SearchAction","target":{"@type":"EntryPoint","urlTemplate":"https:\/\/www.neotrucks.fr\/?s={search_term_string}"},"query-input":{"@type":"PropertyValueSpecification","valueRequired":true,"valueName":"search_term_string"}}],"inLanguage":"de"},{"@type":"Organization","@id":"https:\/\/www.neotrucks.fr\/#organization","name":"NEOTRUCKS","url":"https:\/\/www.neotrucks.fr\/","logo":{"@type":"ImageObject","inLanguage":"de","@id":"https:\/\/www.neotrucks.fr\/#\/schema\/logo\/image\/","url":"https:\/\/www.neotrucks.fr\/wp-content\/uploads\/2024\/07\/neotrucks-logo.png","contentUrl":"https:\/\/www.neotrucks.fr\/wp-content\/uploads\/2024\/07\/neotrucks-logo.png","width":846,"height":496,"caption":"NEOTRUCKS"},"image":{"@id":"https:\/\/www.neotrucks.fr\/#\/schema\/logo\/image\/"}}]}},"_links":{"self":[{"href":"https:\/\/www.neotrucks.fr\/de\/wp-json\/wp\/v2\/pages\/3642","targetHints":{"allow":["GET"]}}],"collection":[{"href":"https:\/\/www.neotrucks.fr\/de\/wp-json\/wp\/v2\/pages"}],"about":[{"href":"https:\/\/www.neotrucks.fr\/de\/wp-json\/wp\/v2\/types\/page"}],"author":[{"embeddable":true,"href":"https:\/\/www.neotrucks.fr\/de\/wp-json\/wp\/v2\/users\/1"}],"replies":[{"embeddable":true,"href":"https:\/\/www.neotrucks.fr\/de\/wp-json\/wp\/v2\/comments?post=3642"}],"version-history":[{"count":8,"href":"https:\/\/www.neotrucks.fr\/de\/wp-json\/wp\/v2\/pages\/3642\/revisions"}],"predecessor-version":[{"id":4617,"href":"https:\/\/www.neotrucks.fr\/de\/wp-json\/wp\/v2\/pages\/3642\/revisions\/4617"}],"wp:attachment":[{"href":"https:\/\/www.neotrucks.fr\/de\/wp-json\/wp\/v2\/media?parent=3642"}],"curies":[{"name":"wp","href":"https:\/\/api.w.org\/{rel}","templated":true}]}}